{"id":190,"date":"2024-07-26T16:25:22","date_gmt":"2024-07-26T14:25:22","guid":{"rendered":"https:\/\/munich-relocate.com\/?page_id=190"},"modified":"2025-05-22T10:08:30","modified_gmt":"2025-05-22T08:08:30","slug":"impressum","status":"publish","type":"page","link":"https:\/\/munich-relocate.com\/de\/impressum\/","title":{"rendered":"Impressum"},"content":{"rendered":"<section class=\"wp-block-group\"><div class=\"wp-block-group__inner-container is-layout-constrained wp-block-group-is-layout-constrained\">\n<div class=\"wp-block-columns is-layout-flex wp-block-columns-is-layout-flex\">\n<div class=\"wp-block-column is-layout-flow wp-block-column-is-layout-flow\">\n<h2 class=\"wp-block-heading\">Impressum<\/h2>\n\n\n\n<p>Angaben gem\u00e4\u00df \u00a7 5 DDG:<br>Munich Relocate Karin Kesting &amp; Susanne Fischer GbR<br>Sylvester-H\u00f6rndl-Str. 5<br>82237 W\u00f6rthsee<br>Telefon: +49 8153 9069071<br>E-Mail <a href=\"mailto:info@munich-relocate.com\">info@munich-relocate.com<\/a><\/p>\n\n\n\n<p><strong>Vertreten durch:<br><\/strong>Karin Kesting &amp; Susanne Fischer<\/p>\n\n\n\n<p><strong>Umsatzsteuer-ID:<br><\/strong>Umsatzsteuer-Identifikationsnummer gem\u00e4\u00df \u00a727a Umsatzsteuergesetz: DE366337346<\/p>\n\n\n\n<p>Plattform der EU-Kommission zur Online-Streitbeilegung: <a href=\"http:\/\/ec.europa.eu\/consumers\/odr\/\">http:\/\/ec.europa.eu\/consumers\/odr\/<\/a>.<br>Als Kund*in haben Sie jederzeit die M\u00f6glichkeit, sich an die Schlichtungsstelle der Europ\u00e4ischen Kommission zu wenden. Wir weisen jedoch darauf hin, dass wir nicht bereit oder verpflichtet sind, an einem Streitbeilegungsverfahren vor einer Verbraucherschlichtungsstelle teilzunehmen.<\/p>\n<\/div>\n<\/div>\n<\/div><\/section>\n\n\n\n<section class=\"wp-block-group alignfull contact-footer has-dark-blue-background-color has-background\"><div class=\"wp-block-group__inner-container is-layout-constrained wp-block-group-is-layout-constrained\">\n<div class=\"wp-block-columns contact-footer__flex is-layout-flex wp-block-columns-is-layout-flex\" id=\"kontakt\">\n<div class=\"wp-block-column is-vertically-aligned-top is-layout-flow wp-block-column-is-layout-flow\">\n<div class=\"wp-block-outermost-icon-block\"><div class=\"icon-container\" style=\"width:180px;transform:rotate(0deg) scaleX(1) scaleY(1)\"><svg xmlns=\"http:\/\/www.w3.org\/2000\/svg\" width=\"178.25\" height=\"81.376\" viewbox=\"0 0 178.25 81.376\"><g id=\"Gruppe_14\" data-name=\"Gruppe 14\" transform=\"translate(-277 -2886)\"><path id=\"Pfad_1\" data-name=\"Pfad 1\" d=\"M102.752,51.955h1.993l7.225,7.225,7.275-7.225h1.943V70.092H118.3V56.738l-6.328,6.079-6.328-6.079V70.092h-2.89Z\" transform=\"translate(249.548 2872.119)\" fill=\"#fff\"><\/path><path id=\"Pfad_2\" data-name=\"Pfad 2\" d=\"M132.264,62.418V51.955H135.2V62.667a5.008,5.008,0,1,0,10.016,0V51.955h2.939V62.418a7.79,7.79,0,0,1-8.072,7.923,7.589,7.589,0,0,1-7.823-7.923\" transform=\"translate(241.662 2872.119)\" fill=\"#fff\"><\/path><path id=\"Pfad_3\" data-name=\"Pfad 3\" d=\"M158.307,51.955H160.8l13.055,13.8v-13.8h2.94V70.092H174.3l-13.055-13.8v13.8h-2.94Z\" transform=\"translate(234.704 2872.119)\" fill=\"#fff\"><\/path><rect id=\"Rechteck_1\" data-name=\"Rechteck 1\" width=\"2.94\" height=\"18.137\" transform=\"translate(414.888 2924.074)\" fill=\"#fff\"><\/rect><path id=\"Pfad_4\" data-name=\"Pfad 4\" d=\"M196.251,60.933a9.422,9.422,0,0,1,9.418-9.318,9.326,9.326,0,0,1,6.627,2.641L210.3,56.249a6.161,6.161,0,0,0-4.634-1.993,6.682,6.682,0,0,0,0,13.354,6.282,6.282,0,0,0,4.634-2.043l1.943,1.943a9.307,9.307,0,0,1-6.577,2.74c-5.531,0-9.418-3.786-9.418-9.317\" transform=\"translate(224.567 2872.21)\" fill=\"#fff\"><\/path><path id=\"Pfad_5\" data-name=\"Pfad 5\" d=\"M221.547,51.955h2.94v7.773H234.5V51.955h2.939V70.092H234.5V62.319H224.487v7.773h-2.94Z\" transform=\"translate(217.808 2872.119)\" fill=\"#fff\"><\/path><path id=\"Pfad_6\" data-name=\"Pfad 6\" d=\"M51.563,85.955H62.226a5.067,5.067,0,0,1,5.232,5.182A5.129,5.129,0,0,1,64.12,96.02l3.338,8.073H64.419L61.18,96.319H54.5v7.773h-2.94Zm10.364,7.773a2.591,2.591,0,1,0,0-5.182H54.5v5.182Z\" transform=\"translate(263.223 2863.035)\" fill=\"#fff\"><\/path><path id=\"Pfad_7\" data-name=\"Pfad 7\" d=\"M76.995,85.955H92.524v2.591H79.935v5.182h12.39v2.591H79.935V101.5H92.524v2.591H76.995Z\" transform=\"translate(256.429 2863.035)\" fill=\"#fff\"><\/path><path id=\"Pfad_8\" data-name=\"Pfad 8\" d=\"M102.7,85.955h2.94V101.5h9.25v2.591H102.7Z\" transform=\"translate(249.562 2863.035)\" fill=\"#fff\"><\/path><path id=\"Pfad_9\" data-name=\"Pfad 9\" d=\"M119.767,94.933a9.421,9.421,0,0,1,9.418-9.318c5.531,0,9.368,3.787,9.368,9.318a9.444,9.444,0,0,1-9.368,9.317c-5.531,0-9.418-3.787-9.418-9.317m15.8,0a6.408,6.408,0,1,0-6.378,6.677,6.428,6.428,0,0,0,6.378-6.677\" transform=\"translate(245.001 2863.126)\" fill=\"#fff\"><\/path><path id=\"Pfad_10\" data-name=\"Pfad 10\" d=\"M148.163,94.933a9.48,9.48,0,0,1,16.044-6.677l-1.993,1.993a6.158,6.158,0,0,0-4.634-1.993,6.682,6.682,0,0,0,0,13.354,6.28,6.28,0,0,0,4.634-2.043l1.943,1.943a9.306,9.306,0,0,1-6.576,2.74c-5.531,0-9.417-3.787-9.417-9.317\" transform=\"translate(237.414 2863.126)\" fill=\"#fff\"><\/path><path id=\"Pfad_11\" data-name=\"Pfad 11\" d=\"M180.024,85.955h2.591l7.773,18.137H187.5l-1.1-2.591H176.238l-1.046,2.591h-2.939Zm5.282,12.955-3.986-9.567-3.987,9.567Z\" transform=\"translate(230.978 2863.035)\" fill=\"#fff\"><\/path><path id=\"Pfad_12\" data-name=\"Pfad 12\" d=\"M201.175,88.546H194.5V85.954h16.244v2.591h-6.677v15.546h-2.89Z\" transform=\"translate(225.035 2863.035)\" fill=\"#fff\"><\/path><path id=\"Pfad_13\" data-name=\"Pfad 13\" d=\"M221.132,85.955h15.945v2.591h-13v5.182h12.805v2.591H224.072V101.5h13v2.591H221.132Z\" transform=\"translate(217.919 2863.035)\" fill=\"#fff\"><\/path><path id=\"Pfad_14\" data-name=\"Pfad 14\" d=\"M57.451,0A23.127,23.127,0,0,0,55.27,46.15V33.159H42.5V14.431L57.669,6.769,72.3,14.431V33.159H59.062V58.09c17-13.129,21.516-22.575,21.516-34.964A23.126,23.126,0,0,0,57.451,0\" transform=\"translate(267.829 2886)\" fill=\"#3378f6\"><\/path><path id=\"Pfad_15\" data-name=\"Pfad 15\" d=\"M45.143,58.4H33.755V83.336c10.611-8.2,16.358-14.955,19.179-21.892a22.982,22.982,0,0,1-7.791-3.04\" transform=\"translate(267.981 2870.396)\" fill=\"#3bc1fa\"><\/path><path id=\"Pfad_16\" data-name=\"Pfad 16\" d=\"M23.343,19.926,25.8,21.213a22.979,22.979,0,0,1,3.178-7.307,23.128,23.128,0,1,0-8.035,45.4V46.316H8.175V27.588Z\" transform=\"translate(277 2882.485)\" fill=\"#3bc1fa\"><\/path><rect id=\"Rechteck_2\" data-name=\"Rechteck 2\" width=\"178.25\" height=\"81.376\" transform=\"translate(277 2886)\" fill=\"none\"><\/rect><\/g><\/svg><\/div><\/div>\n<\/div>\n\n\n\n<div class=\"wp-block-column is-layout-flow wp-block-column-is-layout-flow\" style=\"flex-basis:30%\">\n<h3 class=\"wp-block-heading\">Nehmen Sie<br>Kontakt auf!<\/h3>\n\n\n\n<p>Ob Sie Unterst\u00fctzung suchen oder sich dar\u00fcber informieren m\u00f6chten, wie wir arbeiten \u2013 wir sind bereit, Ihnen zu helfen.<\/p>\n<\/div>\n\n\n\n<div class=\"wp-block-column contact-footer__spacer has-text-color has-link-color wp-elements-bbd726d6faeff33ff58938b76d918b87 is-layout-flow wp-block-column-is-layout-flow\" style=\"color:#ffffff;flex-basis:10%\"><\/div>\n\n\n\n<div class=\"wp-block-column contact-footer__contact is-layout-flow wp-block-column-is-layout-flow\" style=\"flex-basis:40%\">\n<div class=\"wp-block-columns is-layout-flex wp-block-columns-is-layout-flex\">\n<div class=\"wp-block-column is-layout-flow wp-block-column-is-layout-flow\">\n<h3 class=\"wp-block-heading\">Kontakt<\/h3>\n<\/div>\n<\/div>\n\n\n\n<div class=\"wp-block-columns is-layout-flex wp-block-columns-is-layout-flex\">\n<div class=\"wp-block-column is-layout-flow wp-block-column-is-layout-flow\">\n<p>Standort M\u00fcnchen<\/p>\n\n\n\n<p>Uffinger Str. 2<br>81477 M\u00fcnchen<br><a href=\"tel:\u202d+4917655106463\u202c\" data-type=\"tel\" data-id=\"tel:\u202d+4917655106463\u202c\">\u202d+49 176 55106463\u202c<\/a><\/p>\n\n\n\n<p>E-Mail<br><a href=\"mailto:info@munich-relocate.com\">info@munich-relocate.com<\/a><\/p>\n<\/div>\n\n\n\n<div class=\"wp-block-column is-layout-flow wp-block-column-is-layout-flow\">\n<p>Standort W\u00f6rthsee<\/p>\n\n\n\n<p>Sylvester-H\u00f6rndl-Str. 5<br>82237 W\u00f6rthsee<br><a href=\"tel:\u202d+491747515570\u202c\" data-type=\"tel\" data-id=\"tel:\u202d+491747515570\u202c\">\u202d+49 174 7515570\u202c<\/a><\/p>\n<\/div>\n<\/div>\n<\/div>\n<\/div>\n<\/div><\/section>","protected":false},"excerpt":{"rendered":"<p>Legal Notice Information in accordance with \u00a7 5 DDG:Munich Relocate Karin Kesting &amp; Susanne Fischer GbRSylvester-H\u00f6rndl-Str. 582237 W\u00f6rthsee, GermanyPhone: +49 8153 9069071Email: info@munich-relocate.com Represented by:Karin Kesting &amp; Susanne Fischer VAT ID:Value-added tax identification number in accordance with \u00a7 27a of the German VAT Act: DE366337346 EU Commission platform for online dispute resolution: http:\/\/ec.europa.eu\/consumers\/odr\/.As a customer, [&hellip;]<\/p>","protected":false},"author":1,"featured_media":0,"parent":0,"menu_order":0,"comment_status":"closed","ping_status":"closed","template":"","meta":{"_acf_changed":false,"footnotes":""},"class_list":["post-190","page","type-page","status-publish","hentry"],"acf":[],"_links":{"self":[{"href":"https:\/\/munich-relocate.com\/de\/wp-json\/wp\/v2\/pages\/190","targetHints":{"allow":["GET"]}}],"collection":[{"href":"https:\/\/munich-relocate.com\/de\/wp-json\/wp\/v2\/pages"}],"about":[{"href":"https:\/\/munich-relocate.com\/de\/wp-json\/wp\/v2\/types\/page"}],"author":[{"embeddable":true,"href":"https:\/\/munich-relocate.com\/de\/wp-json\/wp\/v2\/users\/1"}],"replies":[{"embeddable":true,"href":"https:\/\/munich-relocate.com\/de\/wp-json\/wp\/v2\/comments?post=190"}],"version-history":[{"count":7,"href":"https:\/\/munich-relocate.com\/de\/wp-json\/wp\/v2\/pages\/190\/revisions"}],"predecessor-version":[{"id":276,"href":"https:\/\/munich-relocate.com\/de\/wp-json\/wp\/v2\/pages\/190\/revisions\/276"}],"wp:attachment":[{"href":"https:\/\/munich-relocate.com\/de\/wp-json\/wp\/v2\/media?parent=190"}],"curies":[{"name":"wp","href":"https:\/\/api.w.org\/{rel}","templated":true}]}}